{"id":188,"date":"2021-02-24T07:44:33","date_gmt":"2021-02-24T07:44:33","guid":{"rendered":"https:\/\/ryf.team8.ch\/home\/"},"modified":"2025-03-10T15:21:29","modified_gmt":"2025-03-10T13:21:29","slug":"home","status":"publish","type":"page","link":"https:\/\/ryf.team8.ch\/fr\/","title":{"rendered":"Home"},"content":{"rendered":"<section class=\"l-section wpb_row height_auto width_full\"><div class=\"l-section-h i-cf\"><div class=\"g-cols vc_row type_default valign_top\"><div class=\"vc_col-sm-12 wpb_column vc_column_container\"><div class=\"vc_column-inner\"><div class=\"wpb_wrapper\">[vc_raw_html css=\u00a0\u00bb%7B%22default%22%3A%7B%22width%22%3A%22100%25%22%7D%7D\u00a0\u00bb]JTNDdmlkZW8lMjBjb250cm9scyUyMGF1dG9wbGF5JTIwbXV0ZWQlMjBsb29wJTNFJTBBJTIwJTIwJTNDc291cmNlJTIwc3JjJTNEJTIyaHR0cHMlM0ElMkYlMkZyeWYudGVhbTguY2glMkZ3cC1jb250ZW50JTJGdXBsb2FkcyUyRlNhY2hhUnlmX1dlcmJlY2xpcF9ERS5tcDQlMjIlMjB0eXBlJTNEJTIydmlkZW8lMkZtcDQlMjIlM0UlMEElM0MlMkZ2aWRlbyUzRSUyMA==[\/vc_raw_html]<\/div><\/div><\/div><\/div><\/div><\/section><section class=\"l-section wpb_row us_custom_0d5f0b9e height_large with_img\"><div class=\"l-section-img\" style=\"background-image: url(https:\/\/ryf.team8.ch\/wp-content\/uploads\/sacha-ryf-home-header.jpg);background-position: top center;background-repeat: no-repeat;\" data-img-width=\"1920\" data-img-height=\"700\"><\/div><div class=\"l-section-h i-cf\"><div class=\"g-cols vc_row type_default valign_top\"><div class=\"vc_col-sm-6 wpb_column vc_column_container\"><div class=\"vc_column-inner\"><div class=\"wpb_wrapper\"><\/div><\/div><\/div><div class=\"vc_col-sm-6 wpb_column vc_column_container\"><div class=\"vc_column-inner\"><div class=\"wpb_wrapper\"><div class=\"wpb_text_column us_custom_9260c333 has_text_color\" ><div class=\"wpb_wrapper\"><p>Zeige Dein sch\u00f6nstes<\/p>\n<\/div><\/div><div class=\"wpb_text_column us_custom_25c74bc2 has_text_color\" ><div class=\"wpb_wrapper\"><p>L\u00e4cheln <em>!<\/em><\/p>\n<\/div><\/div><div class=\"wpb_text_column us_custom_b4d4c412 has_text_color\" ><div class=\"wpb_wrapper\"><p>Dr. Sacha Ryf<\/p>\n<\/div><\/div><div class=\"w-btn-wrapper width_auto align_left\"><a class=\"w-btn us-btn-style_1\" href=\"#\"><span class=\"w-btn-label\">Termin buchen<\/span><\/a><\/div><\/div><\/div><\/div><\/div><\/div><\/section><section class=\"l-section wpb_row height_large\"><div class=\"l-section-h i-cf\"><div class=\"g-cols vc_row type_default valign_top\"><div class=\"vc_col-sm-12 wpb_column vc_column_container\"><div class=\"vc_column-inner\"><div class=\"wpb_wrapper\"><div class=\"wpb_text_column\" ><div class=\"wpb_wrapper\"><p><strong>\u00a0<\/strong><\/p>\n<h2>Wir. wissen. Kieferorthop\u00e4die.<\/h2>\n<\/div><\/div><div class=\"g-cols wpb_row  type_default valign_top vc_inner\"><div class=\"vc_col-sm-2 wpb_column vc_column_container\"><div class=\"vc_column-inner\"><div class=\"wpb_wrapper\"><\/div><\/div><\/div><div class=\"vc_col-sm-8 wpb_column vc_column_container\"><div class=\"vc_column-inner\"><div class=\"wpb_wrapper\"><div class=\"wpb_text_column\" ><div class=\"wpb_wrapper\"><h3><span style=\"color: #ff0000;\"><strong>Zeige Dein sch\u00f6nstes L\u00e4cheln <\/strong><em><strong>!<\/strong><\/em><\/span><\/h3>\n<p><span style=\"color: #333399;\">Wir sind die f\u00fchrende Fachpraxis f\u00fcr Kieferorthop\u00e4die in Biel Bienne und im Seeland mit<\/span><br \/>\n<span style=\"color: #ff0000;\"><strong>Qualit\u00e4t und Herzlichkeit<em> !<\/em><\/strong><\/span><\/p>\n<\/div><\/div><\/div><\/div><\/div><div class=\"vc_col-sm-2 wpb_column vc_column_container\"><div class=\"vc_column-inner\"><div class=\"wpb_wrapper\"><\/div><\/div><\/div><\/div><div class=\"w-separator size_medium\"><\/div><div class=\"g-cols wpb_row  type_default valign_top vc_inner\"><div class=\"vc_col-sm-2 wpb_column vc_column_container\"><div class=\"vc_column-inner\"><div class=\"wpb_wrapper\"><\/div><\/div><\/div><div class=\"vc_col-sm-4 wpb_column vc_column_container\"><div class=\"vc_column-inner\"><div class=\"wpb_wrapper\"><div class=\"wpb_text_column\" ><div class=\"wpb_wrapper\"><p style=\"text-align: left;\"><span style=\"color: #000080;\">Ich heisse Sacha Ryf, bin bilingue in Biel\/Bienne aufgewachsen und seit 2011 als Fachzahnarzt f\u00fcr Kieferorthop\u00e4die (CH).<\/span><\/p>\n<p style=\"text-align: left;\"><span style=\"color: #000080;\">Seit \u00fcber 20 Jahren begeistert mich und mein Team die Kieferorthop\u00e4die t\u00e4glich immer wieder aufs Neue.<\/span><\/p>\n<p style=\"text-align: left;\"><span style=\"color: #000080;\">Als eine der modernsten und innovativsten Praxen f\u00fcr Kieferorthop\u00e4die in der Schweiz sind wir die <strong>Experten f\u00fcr unsichtbare Zahnkorrekturen<\/strong> f\u00fcr Kinder, Jugendliche und Erwachsene.<\/span><\/p>\n<p style=\"text-align: left;\"><span style=\"color: #003366;\">\u00a0<\/span><\/p>\n<\/div><\/div><\/div><\/div><\/div><div class=\"vc_col-sm-4 wpb_column vc_column_container\"><div class=\"vc_column-inner\"><div class=\"wpb_wrapper\"><div class=\"wpb_text_column\" ><div class=\"wpb_wrapper\"><p><span style=\"color: #000080;\">Uns sind die klassischen wie auch alle neusten Techniken bestens vertraut f\u00fcr eine altersgem\u00e4sse, sanfte und individuelle Behandlung f\u00fcr ein wundersch\u00f6nes L\u00e4cheln <em>!<\/em><\/span><\/p>\n<p><span style=\"color: #000080;\">Zusammen mit unserem herzlichen Team mit den Kieferorthop\u00e4dinnen Dr. Patrizia Fehlbaum und<br \/>\nDr. Karin Frey sorgen wir mit grosser Freude stets daf\u00fcr, dass Sie als Familie oder selbst als Patient\u2022in zu jedem Zeitpunkt der Behandlung sich wohlf\u00fchlen bei uns.<\/span><\/p>\n<p><span style=\"color: #000080;\"><strong>Herzlich willkommen <em>!<\/em><\/strong><\/span><\/p>\n<\/div><\/div><\/div><\/div><\/div><div class=\"vc_col-sm-2 wpb_column vc_column_container\"><div class=\"vc_column-inner\"><div class=\"wpb_wrapper\"><\/div><\/div><\/div><\/div><div class=\"w-separator size_medium\"><\/div><div class=\"g-cols wpb_row  type_default valign_top vc_inner\"><div class=\"vc_col-sm-2 wpb_column vc_column_container\"><div class=\"vc_column-inner\"><div class=\"wpb_wrapper\"><\/div><\/div><\/div><div class=\"vc_col-sm-4 wpb_column vc_column_container\"><div class=\"vc_column-inner\"><div class=\"wpb_wrapper\"><div class=\"w-btn-wrapper width_auto align_left\"><a class=\"w-btn us-btn-style_1\" target=\"_blank\" href=\"https:\/\/dr.sacharyf.ch\/termine\/\" rel=\"noopener\"><span class=\"w-btn-label\">Jetzt Termin vereinbaren<\/span><\/a><\/div><div class=\"w-btn-wrapper width_auto align_left\"><a class=\"w-btn us-btn-style_3\" href=\"#\"><span class=\"w-btn-label\">Unser Team ansehen<\/span><\/a><\/div><\/div><\/div><\/div><div class=\"vc_col-sm-4 wpb_column vc_column_container\"><div class=\"vc_column-inner\"><div class=\"wpb_wrapper\"><div class=\"w-image style_circle align_left\"><div class=\"w-image-h\"><img loading=\"lazy\" decoding=\"async\" width=\"150\" height=\"150\" src=\"https:\/\/ryf.team8.ch\/wp-content\/uploads\/dr-sacha-ryf-150x150.jpg\" class=\"attachment-thumbnail size-thumbnail\" alt=\"\" srcset=\"https:\/\/ryf.team8.ch\/wp-content\/uploads\/dr-sacha-ryf-150x150.jpg 150w, https:\/\/ryf.team8.ch\/wp-content\/uploads\/dr-sacha-ryf-300x300.jpg 300w, https:\/\/ryf.team8.ch\/wp-content\/uploads\/dr-sacha-ryf-100x100.jpg 100w, https:\/\/ryf.team8.ch\/wp-content\/uploads\/dr-sacha-ryf.jpg 512w, https:\/\/ryf.team8.ch\/wp-content\/uploads\/dr-sacha-ryf-200x200.jpg 200w\" sizes=\"(max-width: 150px) 100vw, 150px\" \/><\/div><\/div><div class=\"wpb_text_column us_custom_ec1e580b\" ><div class=\"wpb_wrapper\"><p><strong><span style=\"color: #ff0000;\">Dr. Sacha Ryf<\/span><br \/>\n<\/strong><span style=\"color: #000080;\">Fachzahnarzt f\u00fcr Kieferorthop\u00e4die (CH)<\/span><\/p>\n<\/div><\/div><\/div><\/div><\/div><div class=\"vc_col-sm-2 wpb_column vc_column_container\"><div class=\"vc_column-inner\"><div class=\"wpb_wrapper\"><\/div><\/div><\/div><\/div><\/div><\/div><\/div><\/div><\/div><\/section><section class=\"l-section wpb_row us_custom_af84a79a height_huge color_alternate with_img\"><div class=\"l-section-img\" style=\"background-image: url(https:\/\/ryf.team8.ch\/wp-content\/uploads\/bg-wave.jpg);background-position: top center;background-repeat: no-repeat;background-size: contain;\" data-img-width=\"1440\" data-img-height=\"108\"><\/div><div class=\"l-section-h i-cf\"><div class=\"g-cols vc_row type_default valign_top\"><div class=\"vc_col-sm-12 wpb_column vc_column_container\"><div class=\"vc_column-inner\"><div class=\"wpb_wrapper\"><div class=\"g-cols wpb_row  type_default valign_top vc_inner\"><div class=\"vc_col-sm-6 wpb_column vc_column_container\"><div class=\"vc_column-inner\"><div class=\"wpb_wrapper\"><div class=\"wpb_text_column\" ><div class=\"wpb_wrapper\"><h4>Aligners (Invisalign)<\/h4>\n<\/div><\/div>[vc_raw_html]JTNDY2VudGVyJTNFJTVCdmlkZW8lMjB3aWR0aCUzRCUyMjY0MCUyMiUyMGhlaWdodCUzRCUyMjQ4MCUyMiUyMG1wNCUzRCUyMmh0dHBzJTNBJTJGJTJGcnlmLnRlYW04LmNoJTJGd3AtY29udGVudCUyRnVwbG9hZHMlMkZicmFja2V0cy5tcDQlMjIlNUQlNUIlMkZ2aWRlbyU1RCUzQyUyRmNlbnRlciUzRQ==[\/vc_raw_html]<\/div><\/div><\/div><div class=\"vc_col-sm-6 wpb_column vc_column_container\"><div class=\"vc_column-inner\"><div class=\"wpb_wrapper\"><div class=\"wpb_text_column\" ><div class=\"wpb_wrapper\"><h4>Brackets (Damon \u2022 Speed)<\/h4>\n<\/div><\/div>[vc_raw_html]JTNDY2VudGVyJTNFJTVCdmlkZW8lMjB3aWR0aCUzRCUyMjY0MCUyMiUyMGhlaWdodCUzRCUyMjQ4MCUyMiUyMG1wNCUzRCUyMmh0dHBzJTNBJTJGJTJGcnlmLnRlYW04LmNoJTJGd3AtY29udGVudCUyRnVwbG9hZHMlMkZpbnZpc2FsaWduLm1wNCUyMiU1RCU1QiUyRnZpZGVvJTVEJTNDJTJGY2VudGVyJTNF[\/vc_raw_html]<\/div><\/div><\/div><\/div><\/div><\/div><\/div><\/div><\/div><\/section><section class=\"l-section wpb_row height_large\"><div class=\"l-section-h i-cf\"><div class=\"g-cols vc_row type_default valign_top\"><div class=\"vc_col-sm-12 wpb_column vc_column_container\"><div class=\"vc_column-inner\"><div class=\"wpb_wrapper\"><div class=\"wpb_text_column\" ><div class=\"wpb_wrapper\"><h2>Ihre Vorteile<\/h2>\n<\/div><\/div><\/div><\/div><\/div><\/div><\/div><\/section><section class=\"l-section wpb_row height_auto\"><div class=\"l-section-h i-cf\"><div class=\"g-cols vc_row type_default valign_top\"><div class=\"vc_col-sm-12 wpb_column vc_column_container\"><div class=\"vc_column-inner\"><div class=\"wpb_wrapper\"><div class=\"g-cols wpb_row  type_default valign_top vc_inner\"><div class=\"vc_col-sm-8 wpb_column vc_column_container\"><div class=\"vc_column-inner\"><div class=\"wpb_wrapper\"><div class=\"wpb_text_column\" ><div class=\"wpb_wrapper\"><p><span style=\"color: #003366;\"><strong>Die Praxis Dr. Sacha Ryf geh\u00f6rt zu den modernsten und innovativsten Kieferorthop\u00e4die-Praxen der Schweiz.<\/strong><\/span><\/p>\n<p><span style=\"color: #003366;\">Mit unserem Wissensschatz von \u00fcber 20 Jahren Erfahrung in der Kieferorthop\u00e4die k\u00f6nnen wir auf Ihre pers\u00f6nlichen W\u00fcnsche und Bed\u00fcrfnisse eingehen und kennen von den verschiedenen m\u00f6glichen Behandlungsvarianten, diejenige, welche die effizienteste und erfolgversprechendste gilt. Dabei gelten kleine und immer die biologischen Grenzen ber\u00fccksichtigende Kr\u00e4fte als Garant f\u00fcr eine sanfte und erfolgreiche Therapie<\/span><br \/>\n<span style=\"color: #ff0000;\">f\u00fcr ein wundersch\u00f6nes L\u00e4cheln <em>!<\/em><\/span><\/p>\n<\/div><\/div><\/div><\/div><\/div><div class=\"vc_col-sm-4 wpb_column vc_column_container\"><div class=\"vc_column-inner\"><div class=\"wpb_wrapper\"><div class=\"wpb_text_column special-list\" ><div class=\"wpb_wrapper\"><ul>\n<li><span style=\"color: #003366;\">Wir wissen Kieferorthop\u00e4die<em>!<\/em> und kennen die ideale Behandlung f\u00fcr Ihre Situation und Ihre Bed\u00fcrfnisse bei h\u00f6chster Kompetenz<\/span><\/li>\n<li><span style=\"color: #003366;\">Pers\u00f6nliche Betreuung<\/span><\/li>\n<li><span style=\"color: #003366;\">Wissensschatz von \u00fcber 20 Jahren Erfahrung<\/span><\/li>\n<li><span style=\"color: #003366;\">Wir sind immer f\u00fcr Sie da \u2013 wenn n\u00f6tig auch am Wochenende<\/span><\/li>\n<\/ul>\n<\/div><\/div><\/div><\/div><\/div><\/div><\/div><\/div><\/div><\/div><\/div><\/section><section class=\"l-section wpb_row height_large\"><div class=\"l-section-h i-cf\"><div class=\"g-cols vc_row type_default valign_top\"><div class=\"vc_col-sm-12 wpb_column vc_column_container\"><div class=\"vc_column-inner\"><div class=\"wpb_wrapper\"><div class=\"wpb_text_column\" ><div class=\"wpb_wrapper\"><h2 style=\"text-align: center;\"><span style=\"color: #ff0000;\">Sch\u00f6ner L\u00e4cheln im 2023 <em>!<\/em><\/span><\/h2>\n<\/div><\/div><div class=\"g-cols wpb_row  type_default valign_middle vc_inner\"><div class=\"vc_col-sm-3 wpb_column vc_column_container\"><div class=\"vc_column-inner\"><div class=\"wpb_wrapper\"><div class=\"w-image us_custom_5b098d31 align_left\"><div class=\"w-image-h\"><img loading=\"lazy\" decoding=\"async\" width=\"200\" height=\"163\" src=\"https:\/\/ryf.team8.ch\/wp-content\/uploads\/2019-09-ba.jpg\" class=\"attachment-us_200_200 size-us_200_200\" alt=\"\" srcset=\"https:\/\/ryf.team8.ch\/wp-content\/uploads\/2019-09-ba.jpg 600w, https:\/\/ryf.team8.ch\/wp-content\/uploads\/2019-09-ba-300x245.jpg 300w, https:\/\/ryf.team8.ch\/wp-content\/uploads\/2019-09-ba-200x163.jpg 200w\" sizes=\"(max-width: 200px) 100vw, 200px\" \/><\/div><\/div><div class=\"w-image align_right\"><div class=\"w-image-h\"><img loading=\"lazy\" decoding=\"async\" width=\"200\" height=\"163\" src=\"https:\/\/ryf.team8.ch\/wp-content\/uploads\/2019-09-ba.jpg\" class=\"attachment-us_200_200 size-us_200_200\" alt=\"\" srcset=\"https:\/\/ryf.team8.ch\/wp-content\/uploads\/2019-09-ba.jpg 600w, https:\/\/ryf.team8.ch\/wp-content\/uploads\/2019-09-ba-300x245.jpg 300w, https:\/\/ryf.team8.ch\/wp-content\/uploads\/2019-09-ba-200x163.jpg 200w\" sizes=\"(max-width: 200px) 100vw, 200px\" \/><\/div><\/div><div class=\"w-separator size_medium\"><\/div><div class=\"w-image align_center\"><div class=\"w-image-h\"><img loading=\"lazy\" decoding=\"async\" width=\"200\" height=\"163\" src=\"https:\/\/ryf.team8.ch\/wp-content\/uploads\/2019-10-ba.jpg\" class=\"attachment-us_200_200 size-us_200_200\" alt=\"\" srcset=\"https:\/\/ryf.team8.ch\/wp-content\/uploads\/2019-10-ba.jpg 600w, https:\/\/ryf.team8.ch\/wp-content\/uploads\/2019-10-ba-300x245.jpg 300w, https:\/\/ryf.team8.ch\/wp-content\/uploads\/2019-10-ba-200x163.jpg 200w\" sizes=\"(max-width: 200px) 100vw, 200px\" \/><\/div><\/div><\/div><\/div><\/div><div class=\"vc_col-sm-6 wpb_column vc_column_container\"><div class=\"vc_column-inner\"><div class=\"wpb_wrapper\">\r\n\t\t<div\r\n\t\t\tclass=\"twentytwenty-container wb_vc_baic_container\"\r\n\t\t\tid=\"wb_before_after_1_1776685369\"\r\n\t\t\tdata-before-text = \"Before\"\r\n\t\t\tdata-after-text = \"After\"\r\n\t\t>\r\n\t\t\t<img loading=\"lazy\" decoding=\"async\" width=\"600\" height=\"245\" src=\"https:\/\/ryf.team8.ch\/wp-content\/uploads\/2019-12-vorher.jpg\" class=\"attachment-us_1920_1280 size-us_1920_1280\" alt=\"\" srcset=\"https:\/\/ryf.team8.ch\/wp-content\/uploads\/2019-12-vorher.jpg 600w, https:\/\/ryf.team8.ch\/wp-content\/uploads\/2019-12-vorher-300x123.jpg 300w, https:\/\/ryf.team8.ch\/wp-content\/uploads\/2019-12-vorher-200x82.jpg 200w\" sizes=\"(max-width: 600px) 100vw, 600px\" \/>\t\t\t<img loading=\"lazy\" decoding=\"async\" width=\"600\" height=\"245\" src=\"https:\/\/ryf.team8.ch\/wp-content\/uploads\/2019-12-nachher.jpg\" class=\"attachment-us_1920_1280 size-us_1920_1280\" alt=\"\" srcset=\"https:\/\/ryf.team8.ch\/wp-content\/uploads\/2019-12-nachher.jpg 600w, https:\/\/ryf.team8.ch\/wp-content\/uploads\/2019-12-nachher-300x123.jpg 300w, https:\/\/ryf.team8.ch\/wp-content\/uploads\/2019-12-nachher-200x82.jpg 200w\" sizes=\"(max-width: 600px) 100vw, 600px\" \/>\t\t<\/div>\r\n<!--  -->\r\n<\/div><\/div><\/div><div class=\"vc_col-sm-3 wpb_column vc_column_container\"><div class=\"vc_column-inner\"><div class=\"wpb_wrapper\"><div class=\"w-image us_custom_3dfe6575 align_right\"><div class=\"w-image-h\"><img loading=\"lazy\" decoding=\"async\" width=\"200\" height=\"163\" src=\"https:\/\/ryf.team8.ch\/wp-content\/uploads\/2019-11-ba-200x163.jpg\" class=\"attachment-us_200_200 size-us_200_200\" alt=\"\" srcset=\"https:\/\/ryf.team8.ch\/wp-content\/uploads\/2019-11-ba-200x163.jpg 200w, https:\/\/ryf.team8.ch\/wp-content\/uploads\/2019-11-ba-300x245.jpg 300w, https:\/\/ryf.team8.ch\/wp-content\/uploads\/2019-11-ba.jpg 600w\" sizes=\"(max-width: 200px) 100vw, 200px\" \/><\/div><\/div><div class=\"w-image align_center\"><div class=\"w-image-h\"><img loading=\"lazy\" decoding=\"async\" width=\"200\" height=\"163\" src=\"https:\/\/ryf.team8.ch\/wp-content\/uploads\/2019-11-ba-200x163.jpg\" class=\"attachment-us_200_200 size-us_200_200\" alt=\"\" srcset=\"https:\/\/ryf.team8.ch\/wp-content\/uploads\/2019-11-ba-200x163.jpg 200w, https:\/\/ryf.team8.ch\/wp-content\/uploads\/2019-11-ba-300x245.jpg 300w, https:\/\/ryf.team8.ch\/wp-content\/uploads\/2019-11-ba.jpg 600w\" sizes=\"(max-width: 200px) 100vw, 200px\" \/><\/div><\/div><div class=\"w-separator size_medium\"><\/div><div class=\"w-image align_left\"><div class=\"w-image-h\"><img loading=\"lazy\" decoding=\"async\" width=\"200\" height=\"163\" src=\"https:\/\/ryf.team8.ch\/wp-content\/uploads\/2019-12-ba-200x163.jpg\" class=\"attachment-us_200_200 size-us_200_200\" alt=\"\" srcset=\"https:\/\/ryf.team8.ch\/wp-content\/uploads\/2019-12-ba-200x163.jpg 200w, https:\/\/ryf.team8.ch\/wp-content\/uploads\/2019-12-ba-300x245.jpg 300w, https:\/\/ryf.team8.ch\/wp-content\/uploads\/2019-12-ba.jpg 600w\" sizes=\"(max-width: 200px) 100vw, 200px\" \/><\/div><\/div><\/div><\/div><\/div><\/div><div class=\"w-separator size_huge\"><\/div><div class=\"w-separator size_huge\"><\/div><\/div><\/div><\/div><\/div><\/div><\/section><section class=\"l-section wpb_row height_large\"><div class=\"l-section-h i-cf\"><div class=\"g-cols vc_row type_default valign_top\"><div class=\"vc_col-sm-12 wpb_column vc_column_container\"><div class=\"vc_column-inner\"><div class=\"wpb_wrapper\"><div class=\"g-cols wpb_row  type_default valign_top vc_inner\"><div class=\"vc_col-sm-6 wpb_column vc_column_container\"><div class=\"vc_column-inner us_custom_5c41392a\"><div class=\"wpb_wrapper\"><div class=\"w-separator size_medium\"><\/div><div class=\"w-image align_center\"><div class=\"w-image-h\"><img loading=\"lazy\" decoding=\"async\" width=\"155\" height=\"230\" src=\"https:\/\/ryf.team8.ch\/wp-content\/uploads\/invisalign-diamond-2021.png\" class=\"attachment-full size-full\" alt=\"\" srcset=\"https:\/\/ryf.team8.ch\/wp-content\/uploads\/invisalign-diamond-2021.png 155w, https:\/\/ryf.team8.ch\/wp-content\/uploads\/invisalign-diamond-2021-135x200.png 135w\" sizes=\"(max-width: 155px) 100vw, 155px\" \/><\/div><\/div><div class=\"w-separator size_medium\"><\/div><div class=\"wpb_text_column\" ><div class=\"wpb_wrapper\"><h3 style=\"text-align: center;\">Invisalign<\/h3>\n<p style=\"text-align: center;\">Seit 2005 sind wir zertifizierte Invisalign Anwender und sch\u00e4tzen die sanfte, ausgesprochen angenehme Behandlung f\u00fcr unsere Patientinnen und Patienten.<br \/>\nWir kennen alle Aligner-Systeme und w\u00e4hlen mit Dir zusammen das f\u00fcr Deine W\u00fcnsche bestgeeigneste aus.<\/p>\n<\/div><\/div><div class=\"w-btn-wrapper width_auto align_center\"><a class=\"w-btn us-btn-style_4\" href=\"#\"><span class=\"w-btn-label\">mehr erfahren<\/span><\/a><\/div><div class=\"w-separator size_medium\"><\/div><\/div><\/div><\/div><div class=\"vc_col-sm-6 wpb_column vc_column_container\"><div class=\"vc_column-inner us_custom_eb849559\"><div class=\"wpb_wrapper\"><div class=\"w-separator size_medium\"><\/div>[vc_raw_html]JTNDY2VudGVyJTNFJTVCdmlkZW8lMjBwb3N0ZXIlM0QlMjJodHRwcyUzQSUyRiUyRnJ5Zi50ZWFtOC5jaCUyRndwLWNvbnRlbnQlMkZ1cGxvYWRzJTJGZGlnaXRhbGUta2llZmVyb3J0aG9wYWVkaWUtbXA0LWltYWdlLmpwZyUyMiUyMHdpZHRoJTNEJTIyNDEwJTIyJTIwaGVpZ2h0JTNEJTIyMjMwJTIyJTIwbXA0JTNEJTIyaHR0cHMlM0ElMkYlMkZyeWYudGVhbTguY2glMkZ3cC1jb250ZW50JTJGdXBsb2FkcyUyRmRpZ2l0YWxlLWtpZWZlcm9ydGhvcGFlZGllLm1wNCUyMiU1RCU1QiUyRnZpZGVvJTVEJTNDJTJGY2VudGVyJTNF[\/vc_raw_html]<div class=\"w-separator size_medium\"><\/div><div class=\"wpb_text_column\" ><div class=\"wpb_wrapper\"><h3 style=\"text-align: center;\">Digitale Kieferorthop\u00e4die<\/h3>\n<p style=\"text-align: center;\">Wir sind die Pioniere der digitalen Kieferorthop\u00e4die und wenden seit Beginn die modernsten M\u00f6glichkeiten an &#8211; von strahlungsarmen digitalen R\u00f6ntgen bis zum digitalen Scan Deiner Z\u00e4hne.<strong><br \/>\n<\/strong><\/p>\n<\/div><\/div><div class=\"w-btn-wrapper width_auto align_center\"><a class=\"w-btn us-btn-style_4\" href=\"#\"><span class=\"w-btn-label\">mehr erfahren<\/span><\/a><\/div><div class=\"w-separator size_medium\"><\/div><\/div><\/div><\/div><\/div><\/div><\/div><\/div><\/div><\/div><\/section>\n","protected":false},"excerpt":{"rendered":"[vc_raw_html css=\"%7B%22default%22%3A%7B%22width%22%3A%22100%25%22%7D%7D\"]JTNDdmlkZW8lMjBjb250cm9scyUyMGF1dG9wbGF5JTIwbXV0ZWQlMjBsb29wJTNFJTBBJTIwJTIwJTNDc291cmNlJTIwc3JjJTNEJTIyaHR0cHMlM0ElMkYlMkZyeWYudGVhbTguY2glMkZ3cC1jb250ZW50JTJGdXBsb2FkcyUyRlNhY2hhUnlmX1dlcmJlY2xpcF9ERS5tcDQlMjIlMjB0eXBlJTNEJTIydmlkZW8lMkZtcDQlMjIlM0UlMEElM0MlMkZ2aWRlbyUzRSUyMA==[\/vc_raw_html]Zeige Dein sch\u00f6nstes L\u00e4cheln ! Dr. Sacha Ryf Termin buchen\u00a0 Wir. wissen. Kieferorthop\u00e4die. Zeige Dein sch\u00f6nstes L\u00e4cheln ! Wir sind die f\u00fchrende Fachpraxis f\u00fcr Kieferorthop\u00e4die in Biel Bienne und im Seeland mit Qualit\u00e4t und Herzlichkeit ! Ich heisse Sacha Ryf, bin bilingue in Biel\/Bienne aufgewachsen und seit 2011 als Fachzahnarzt f\u00fcr Kieferorthop\u00e4die (CH). Seit...","protected":false},"author":1,"featured_media":0,"parent":0,"menu_order":0,"comment_status":"closed","ping_status":"open","template":"","meta":{"content-type":"","footnotes":""},"class_list":["post-188","page","type-page","status-publish","hentry"],"_links":{"self":[{"href":"https:\/\/ryf.team8.ch\/fr\/wp-json\/wp\/v2\/pages\/188"}],"collection":[{"href":"https:\/\/ryf.team8.ch\/fr\/wp-json\/wp\/v2\/pages"}],"about":[{"href":"https:\/\/ryf.team8.ch\/fr\/wp-json\/wp\/v2\/types\/page"}],"author":[{"embeddable":true,"href":"https:\/\/ryf.team8.ch\/fr\/wp-json\/wp\/v2\/users\/1"}],"replies":[{"embeddable":true,"href":"https:\/\/ryf.team8.ch\/fr\/wp-json\/wp\/v2\/comments?post=188"}],"version-history":[{"count":101,"href":"https:\/\/ryf.team8.ch\/fr\/wp-json\/wp\/v2\/pages\/188\/revisions"}],"predecessor-version":[{"id":614,"href":"https:\/\/ryf.team8.ch\/fr\/wp-json\/wp\/v2\/pages\/188\/revisions\/614"}],"wp:attachment":[{"href":"https:\/\/ryf.team8.ch\/fr\/wp-json\/wp\/v2\/media?parent=188"}],"curies":[{"name":"wp","href":"https:\/\/api.w.org\/{rel}","templated":true}]}}